{"id":4099,"date":"2024-01-24T09:46:56","date_gmt":"2024-01-24T09:46:56","guid":{"rendered":"https:\/\/casadocruzeiro.e-gdsbookingsuite.com\/politica-privacidade\/"},"modified":"2025-07-04T16:24:23","modified_gmt":"2025-07-04T16:24:23","slug":"politica-privacidad","status":"publish","type":"page","link":"https:\/\/casadocruzeiro.e-gdsbookingsuite.com\/es\/politica-privacidad\/","title":{"rendered":"Pol\u00edtica de Privacidad"},"content":{"rendered":"\t\t<div data-elementor-type=\"wp-post\" data-elementor-id=\"4099\" class=\"elementor elementor-4099 elementor-348\" data-elementor-post-type=\"page\">\n\t\t\t\t\t\t<section class=\"elementor-section elementor-top-section elementor-element elementor-element-2512bb6 elementor-section-full_width elementor-section-height-min-height page-banner elementor-section-height-default elementor-section-items-middle\" data-id=\"2512bb6\" data-element_type=\"section\" data-settings=\"{&quot;background_background&quot;:&quot;classic&quot;}\">\n\t\t\t\t\t\t\t<div class=\"elementor-background-overlay\"><\/div>\n\t\t\t\t\t\t\t<div class=\"elementor-container elementor-column-gap-default\">\n\t\t\t\t\t<div class=\"elementor-column elementor-col-100 elementor-top-column elementor-element elementor-element-e13d482\" data-id=\"e13d482\" data-element_type=\"column\">\n\t\t\t<div class=\"elementor-widget-wrap elementor-element-populated\">\n\t\t\t\t\t\t<div class=\"elementor-element elementor-element-5c54b79 elementor-widget elementor-widget-spacer\" data-id=\"5c54b79\" data-element_type=\"widget\" data-widget_type=\"spacer.default\">\n\t\t\t\t<div class=\"elementor-widget-container\">\n\t\t\t\t\t<div class=\"elementor-spacer\">\n\t\t\t<div class=\"elementor-spacer-inner\"><\/div>\n\t\t<\/div>\n\t\t\t\t<\/div>\n\t\t\t\t<\/div>\n\t\t\t\t<div class=\"elementor-element elementor-element-61eaff7 elementor-view-default elementor-position-top elementor-widget elementor-widget-themo-header\" data-id=\"61eaff7\" data-element_type=\"widget\" data-widget_type=\"themo-header.default\">\n\t\t\t\t<div class=\"elementor-widget-container\">\n\t\t\t\t\t<div class=\"th-header-wrap\">\n        <div class=\"elementor-icon-box-wrapper \">\n                            <div class=\"elementor-icon-box-content\">\n                    <h1 class=\"elementor-icon-box-title\">\n                        Politica de Privacidad                    <\/h1>\n                                        <p class=\"elementor-icon-box-description\">Casa do Cruzeiro<\/p>\n\n                                    <\/div>\n            <\/div>\n\n        <\/div>\n\n\t\t\t\t<\/div>\n\t\t\t\t<\/div>\n\t\t\t\t<div class=\"elementor-element elementor-element-563ecdc elementor-widget elementor-widget-spacer\" data-id=\"563ecdc\" data-element_type=\"widget\" data-widget_type=\"spacer.default\">\n\t\t\t\t<div class=\"elementor-widget-container\">\n\t\t\t\t\t<div class=\"elementor-spacer\">\n\t\t\t<div class=\"elementor-spacer-inner\"><\/div>\n\t\t<\/div>\n\t\t\t\t<\/div>\n\t\t\t\t<\/div>\n\t\t\t\t\t<\/div>\n\t\t<\/div>\n\t\t\t\t\t<\/div>\n\t\t<\/section>\n\t\t\t\t<section class=\"elementor-section elementor-top-section elementor-element elementor-element-db3bbe7 elementor-section-full_width elementor-section-height-default elementor-section-height-default\" data-id=\"db3bbe7\" data-element_type=\"section\">\n\t\t\t\t\t\t<div class=\"elementor-container elementor-column-gap-no\">\n\t\t\t\t\t<div class=\"elementor-column elementor-col-100 elementor-top-column elementor-element elementor-element-20f5f1d\" data-id=\"20f5f1d\" data-element_type=\"column\">\n\t\t\t<div class=\"elementor-widget-wrap elementor-element-populated\">\n\t\t\t\t\t\t<div class=\"elementor-element elementor-element-ff91da0 elementor-widget elementor-widget-themo-mphb-search-form\" data-id=\"ff91da0\" data-element_type=\"widget\" data-widget_type=\"themo-mphb-search-form.default\">\n\t\t\t\t<div class=\"elementor-widget-container\">\n\t\t\t        <div class=\"th-fo-form  th-centered th-conversion  th-btn-form btn-standard-primary-form\"><div class=\"mphb_sc_search-wrapper  frm_forms with_frm_style\"><form method=\"GET\" id=\"mphb_form-mphb-search-form-6a04cbf1d68d3\" class=\"mphb_sc_search-form\" action=\"\">\n\t<div class=\"formContainer\">\n\t\t<p class = \"mphb-required-fields-tip\">\n\t<small>\n\t\tLos campos obligatorios son seguidos por\t\t<abbr title=\"required\">*<\/abbr>\n\t<\/small>\n<\/p>\n\t<p class=\"mphb_sc_search-check-in-date frm_form_field\">\n\t\t<label for=\"mphb_check_in_date-mphb-search-form-6a04cbf1d68d3\">\n\t\t\tD\u00eda de llegada\t\t\t<abbr title=\"Formato dd\/mm\/yyyy\">*<\/abbr>\n\t\t<\/label>\n\t\t<br \/>\n\t\t<span class=\"input_with_icon\"><svg width=\"26\" height=\"28\" viewBox=\"0 0 26 28\" fill=\"none\" xmlns=\"http:\/\/www.w3.org\/2000\/svg\">\n<path d=\"M8 1.5V6.5M18 1.5V6.5M1.75 11.5H24.25M7.75 26.5H18.25C20.3502 26.5 21.4003 26.5 22.2025 26.0913C22.9081 25.7317 23.4817 25.1581 23.8413 24.4525C24.25 23.6503 24.25 22.6002 24.25 20.5V10C24.25 7.8998 24.25 6.8497 23.8413 6.04754C23.4817 5.34193 22.9081 4.76825 22.2025 4.40873C21.4003 4 20.3502 4 18.25 4H7.75C5.6498 4 4.5997 4 3.79754 4.40873C3.09193 4.76825 2.51825 5.34193 2.15873 6.04754C1.75 6.8497 1.75 7.8998 1.75 10V20.5C1.75 22.6002 1.75 23.6503 2.15873 24.4525C2.51825 25.1581 3.09193 25.7317 3.79754 26.0913C4.5997 26.5 5.6498 26.5 7.75 26.5Z\" stroke=\"#9B7A5B\" stroke-width=\"2\" stroke-linecap=\"round\" stroke-linejoin=\"round\"\/>\n<\/svg>\n\t\t<input\n\t\t\tid=\"mphb_check_in_date-mphb-search-form-6a04cbf1d68d3\"\n\t\t\tdata-datepick-group=\"mphb-search-form-6a04cbf1d68d3\"\n\t\t\tvalue=\"\"\n\t\t\tplaceholder=\"Fecha de llegada\"\n\t\t\trequired=\"required\"\n\t\t\ttype=\"text\"\n\t\t\tname=\"mphb_check_in_date\"\n\t\t\tclass=\"mphb-datepick\"\n\t\t\tautocomplete=\"off\"\n\t\t\t\/>\t\t\t\n\t\t<\/span>\n\t<\/p>\n\n\t<p class=\"mphb_sc_search-check-out-date frm_form_field\">\n\t\t<label for=\"mphb_check_out_date-mphb-search-form-6a04cbf1d68d3\">\n\t\t\tD\u00eda de salida\t\t\t<abbr title=\"Formato dd\/mm\/yyyy\">*<\/abbr>\n\t\t<\/label>\n\t\t<br \/>\n\t\t<span  class=\"input_with_icon\">\n\t\t<svg width=\"26\" height=\"28\" viewBox=\"0 0 26 28\" fill=\"none\" xmlns=\"http:\/\/www.w3.org\/2000\/svg\">\n<path d=\"M8 1.5V6.5M18 1.5V6.5M1.75 11.5H24.25M7.75 26.5H18.25C20.3502 26.5 21.4003 26.5 22.2025 26.0913C22.9081 25.7317 23.4817 25.1581 23.8413 24.4525C24.25 23.6503 24.25 22.6002 24.25 20.5V10C24.25 7.8998 24.25 6.8497 23.8413 6.04754C23.4817 5.34193 22.9081 4.76825 22.2025 4.40873C21.4003 4 20.3502 4 18.25 4H7.75C5.6498 4 4.5997 4 3.79754 4.40873C3.09193 4.76825 2.51825 5.34193 2.15873 6.04754C1.75 6.8497 1.75 7.8998 1.75 10V20.5C1.75 22.6002 1.75 23.6503 2.15873 24.4525C2.51825 25.1581 3.09193 25.7317 3.79754 26.0913C4.5997 26.5 5.6498 26.5 7.75 26.5Z\" stroke=\"#9B7A5B\" stroke-width=\"2\" stroke-linecap=\"round\" stroke-linejoin=\"round\"\/>\n<\/svg>\n\t\t<input\n\t\t\tid=\"mphb_check_out_date-mphb-search-form-6a04cbf1d68d3\"\n\t\t\tdata-datepick-group=\"mphb-search-form-6a04cbf1d68d3\"\n\t\t\tvalue=\"\"\n\t\t\tplaceholder=\"Fecha de salida\"\n\t\t\trequired=\"required\"\n\t\t\ttype=\"text\"\n\t\t\tname=\"mphb_check_out_date\"\n\t\t\tclass=\"mphb-datepick\"\n\t\t\tautocomplete=\"off\"\n\t\t\t\/>\n\t\t<\/span>\n\t<\/p>\n\t\n\t\t\t<p class=\"mphb_sc_search-adults frm_form_field\">\n\t\t\t<label for=\"mphb_adults-mphb-search-form-6a04cbf1d68d3\">\n\t\t\t\tAdultos\t\t\t<\/label>\n\t\t\t<br \/>\n\t\t\t<span class=\"input_with_icon\">\n\t\t\t\t<svg width=\"22\" height=\"26\" viewBox=\"0 0 22 26\" fill=\"none\" xmlns=\"http:\/\/www.w3.org\/2000\/svg\">\n<path d=\"M21 24.25V23.7143C21 19.868 17.882 16.75 14.0357 16.75H7.96428C4.11802 16.75 1 19.868 1 23.7143V24.25M16.625 7.375C16.625 10.4816 14.1066 13 11 13C7.8934 13 5.375 10.4816 5.375 7.375C5.375 4.2684 7.8934 1.75 11 1.75C14.1066 1.75 16.625 4.2684 16.625 7.375Z\" stroke=\"#9B7A5B\" stroke-width=\"2\" stroke-linecap=\"round\" stroke-linejoin=\"round\"\/>\n<\/svg>\n\n\n\t\t\t\t<select id=\"mphb_adults-mphb-search-form-6a04cbf1d68d3\" name=\"mphb_adults\" >\n\t\t\t\t\t\t\t\t\t\t\t<option value=\"1\" >1<\/option>\n\t\t\t\t\t\t\t\t\t\t\t<option value=\"2\"  selected='selected'>2<\/option>\n\t\t\t\t\t\t\t\t\t\t\t<option value=\"3\" >3<\/option>\n\t\t\t\t\t\t\t\t\t\t\t<option value=\"4\" >4<\/option>\n\t\t\t\t\t\t\t\t\t\t\t<option value=\"5\" >5<\/option>\n\t\t\t\t\t\t\t\t\t\t\t<option value=\"6\" >6<\/option>\n\t\t\t\t\t\t\t\t\t\t\t<option value=\"7\" >7<\/option>\n\t\t\t\t\t\t\t\t\t\t\t<option value=\"8\" >8<\/option>\n\t\t\t\t\t\t\t\t\t\t\t<option value=\"9\" >9<\/option>\n\t\t\t\t\t\t\t\t\t\t\t<option value=\"10\" >10<\/option>\n\t\t\t\t\t\t\t\t\t\t\t<option value=\"11\" >11<\/option>\n\t\t\t\t\t\t\t\t\t\t\t<option value=\"12\" >12<\/option>\n\t\t\t\t\t\t\t\t\t<\/select>\n\t\t\t<\/span>\n\t\t<\/p>\n\t\n\t\t\t<p class=\"mphb_sc_search-children frm_form_field\">\n\t\t\t<label for=\"mphb_children-mphb-search-form-6a04cbf1d68d3\">\n\t\t\t\tNi\u00f1os\t\t\t<\/label>\n\t\t\t<br \/>\t\t\t\n\t\t\t<span class=\"input_with_icon\">\n\t\t\t\t<svg width=\"22\" height=\"26\" viewBox=\"0 0 22 26\" fill=\"none\" xmlns=\"http:\/\/www.w3.org\/2000\/svg\">\n<path d=\"M21 24.25V23.7143C21 19.868 17.882 16.75 14.0357 16.75H7.96428C4.11802 16.75 1 19.868 1 23.7143V24.25M16.625 7.375C16.625 10.4816 14.1066 13 11 13C7.8934 13 5.375 10.4816 5.375 7.375C5.375 4.2684 7.8934 1.75 11 1.75C14.1066 1.75 16.625 4.2684 16.625 7.375Z\" stroke=\"#9B7A5B\" stroke-width=\"2\" stroke-linecap=\"round\" stroke-linejoin=\"round\"\/>\n<\/svg>\n\n\n\t\t\t\t<select id=\"mphb_children-mphb-search-form-6a04cbf1d68d3\" name=\"mphb_children\">\t\t\t\t\t\n\t\t\t\t\t\t\t\t\t\t\t<option value=\"0\"  selected='selected'>0<\/option>\n\t\t\t\t\t\t\t\t\t\t\t<option value=\"1\" >1<\/option>\n\t\t\t\t\t\t\t\t\t\t\t<option value=\"2\" >2<\/option>\n\t\t\t\t\t\t\t\t\t\t\t<option value=\"3\" >3<\/option>\n\t\t\t\t\t\t\t\t\t\t\t<option value=\"4\" >4<\/option>\n\t\t\t\t\t\t\t\t\t\t\t<option value=\"5\" >5<\/option>\n\t\t\t\t\t\t\t\t\t\t\t<option value=\"6\" >6<\/option>\n\t\t\t\t\t\t\t\t\t\t\t<option value=\"7\" >7<\/option>\n\t\t\t\t\t\t\t\t\t\t\t<option value=\"8\" >8<\/option>\n\t\t\t\t\t\t\t\t\t\t\t<option value=\"9\" >9<\/option>\n\t\t\t\t\t\t\t\t\t\t\t<option value=\"10\" >10<\/option>\n\t\t\t\t\t\t\t\t\t\t\t<option value=\"11\" >11<\/option>\n\t\t\t\t\t\t\t\t\t<\/select>\n\t\t\t<\/span>\n\t\t<\/p>\n\t\n\t\t\n\t<p class=\"mphb_sc_search-promocode frm_form_field\">\n\t\t<label for=\"mphb_promocode-mphb-search-form-6a04cbf1d68d3\">\n\t\t\tPromocode\t\t<\/label>\n\t\t<span class=\"input_with_icon\">\n\t\t\t<svg width=\"26\" height=\"28\" viewBox=\"0 0 26 28\" fill=\"none\" xmlns=\"http:\/\/www.w3.org\/2000\/svg\">\n<path d=\"M13 9.00003V26.5M3 17.75H23M7.75 26.5H18.25C20.3502 26.5 21.4003 26.5 22.2025 26.0913C22.9081 25.7318 23.4817 25.1581 23.8413 24.4525C24.25 23.6503 24.25 22.6002 24.25 20.5V15C24.25 12.8998 24.25 11.8497 23.8413 11.0476C23.4817 10.342 22.9081 9.76828 22.2025 9.40876C21.4003 9.00003 20.3502 9.00003 18.25 9.00003H7.75C5.6498 9.00003 4.5997 9.00003 3.79754 9.40876C3.09193 9.76828 2.51825 10.342 2.15873 11.0476C1.75 11.8497 1.75 12.8998 1.75 15V20.5C1.75 22.6002 1.75 23.6503 2.15873 24.4525C2.51825 25.1581 3.09193 25.7318 3.79754 26.0913C4.5997 26.5 5.6498 26.5 7.75 26.5ZM11.75 9.00004C13.625 7.5417 14.9492 3.74245 17.375 2.12513C21.125 -0.375094 24.875 3.37503 21.75 7.12496C19.875 9.37493 14.4583 9.00004 11.75 9.00004ZM14.1641 9.00004C12.2891 7.5417 10.9648 3.74245 8.53909 2.12513C4.78909 -0.375094 1.0391 3.37503 4.16409 7.12496C6.03909 9.37493 11.4558 9.00004 14.1641 9.00004Z\" stroke=\"#9B7A5B\" stroke-width=\"2\" stroke-linecap=\"round\"\/>\n<\/svg>\n\n\n\t\t\t<input\n\t\t\t\tid=\"mphb_promocode-mphb-search-form-6a04cbf1d68d3\"\n\t\t\t\ttype=\"text\"\n\t\t\t\tname=\"mphb_promocode\"\n\t\t\t\tautocomplete=\"off\"\n\t\t\t\t\/>\n\t\t<\/span>\n\t<\/p>\n\n\t\t<\/div>\n\n\t\n\n\t<input id=\"mphb_check_in_date-mphb-search-form-6a04cbf1d68d3-hidden\" value=\"\" type=\"hidden\" name=\"mphb_check_in_date\" \/><input id=\"mphb_check_out_date-mphb-search-form-6a04cbf1d68d3-hidden\" value=\"\" type=\"hidden\" name=\"mphb_check_out_date\" \/>\n\t<p class=\"mphb_sc_search-submit-button-wrapper frm_submit\">\n\t\t<input type=\"submit\" class=\"button\" id=\"mphb_sc_search_form_submit_mphb-search-form-6a04cbf1d68d3\" value=\"Buscar\"\/>\n\t<\/p>\n\n\t\n<\/form>\n\n<script>\t\n\tfunction initLoopToSetDefaultDates() {\n\t\ttry {\n\t\t\tconsole.log(jQuery.datepick.getDate(\"#mphb_check_in_date-mphb-search-form-6a04cbf1d68d3\"));\n\t\t\tif(jQuery.datepick.getDate(\"#mphb_check_in_date-mphb-search-form-6a04cbf1d68d3\").length == 0) {\n\t\t\t\tjQuery.datepick.setDate(\"#mphb_check_in_date-mphb-search-form-6a04cbf1d68d3\", new Date());\n\t\t\t\tsetTimeout(function() {\n\t\t\t\t\tinitLoopToSetDefaultDates();\n\t\t\t\t},500);\n\t\t\t}\n\t\t}\n\t\tcatch(ex) {\n\t\t\tsetTimeout(function() {\n\t\t\t\tinitLoopToSetDefaultDates();\n\t\t\t},500);\n\t\t}\n\t}\n\tdocument.addEventListener(\"DOMContentLoaded\", function(event) {\n\t\tjQuery(window).load(function() {\n\t\t\tjQuery.datepick.setDate(\"#mphb_check_in_date-mphb-search-form-6a04cbf1d68d3\", new Date());\n\t\t\tinitLoopToSetDefaultDates();\n\t\t});\n\t});\n\tfunction OpenWindow()\n    {\n\t\t\tinitLoopToSetDefaultDates();\n            var dateFrom = jQuery.datepick.getDate('#mphb_check_in_date-mphb-search-form-6a04cbf1d68d3')[0];\n            var dateTo = jQuery.datepick.getDate('#mphb_check_out_date-mphb-search-form-6a04cbf1d68d3')[0];\n            var strFrom=(dateFrom.getDate())+\"\/\"+(dateFrom.getMonth()+1)+\"\/\"+(dateFrom.getFullYear());\n            var strTo=(dateTo.getDate())+\"\/\"+(dateTo.getMonth()+1)+\"\/\"+(dateTo.getFullYear());\n            var strHotelID =\"29\";\n            var strUrl=\"\";\n            var stradults=jQuery(\"#mphb_adults-mphb-search-form-6a04cbf1d68d3\").val();\n            var strchildren=null;\n\t\t\tif(jQuery(\"#mphb_children-mphb-search-form-6a04cbf1d68d3\").length > 0) {\n\t\t\t\tstrchildren = jQuery(\"#mphb_children-mphb-search-form-6a04cbf1d68d3\").val();\n\t\t\t}\n            var strparadults=\"&adults=\"+stradults;\n\t\t\tif(strchildren != null) {strparadults = strparadults +\"&children=\"+strchildren; }\n\t\t\tvar lang = \"es\";\n\t\t    var strPromocode = \"&promocode=\" + jQuery(\"#mphb_promocode-mphb-search-form-6a04cbf1d68d3\").val();\n           \n\t\t\tstrUrl = \"https:\/\/securept4.e-gdscloud.com\/CasadoCruzeiro\/RedirectFromOutSide.aspx?HotelID=\" + strHotelID + \"&ArrivalDate=\" + strFrom + \"&DepartureDate=\" + strTo+strparadults + strPromocode + \"&lang=\" + lang;\n            \n\t\t\twindow.open(strUrl, '_blank'); \n        \/\/}\n    }\n\t\n\tjQuery(\"#mphb_form-mphb-search-form-6a04cbf1d68d3\").on(\"submit\", function(e) {\n\t\te.preventDefault();\n\t\t\n\t\tOpenWindow();\n\t\tsetTimeout(function() {jQuery(\"#mphb_form-mphb-search-form-6a04cbf1d68d3\").find(\"input[type='submit']\").removeAttr(\"disabled\").find(\".lds-ring\").remove();},500);\n\t\t\n\t\t\n\t\treturn false;\n\t});\n<\/script><\/div><\/div>\n        \t\t<\/div>\n\t\t\t\t<\/div>\n\t\t\t\t\t<\/div>\n\t\t<\/div>\n\t\t\t\t\t<\/div>\n\t\t<\/section>\n\t\t\t\t<section class=\"elementor-section elementor-top-section elementor-element elementor-element-4ac5458d elementor-section-boxed elementor-section-height-default elementor-section-height-default\" data-id=\"4ac5458d\" data-element_type=\"section\" data-settings=\"{&quot;background_background&quot;:&quot;classic&quot;}\">\n\t\t\t\t\t\t<div class=\"elementor-container elementor-column-gap-default\">\n\t\t\t\t\t<div class=\"elementor-column elementor-col-100 elementor-top-column elementor-element elementor-element-6e5e63d9\" data-id=\"6e5e63d9\" data-element_type=\"column\">\n\t\t\t<div class=\"elementor-widget-wrap elementor-element-populated\">\n\t\t\t\t\t\t<div class=\"elementor-element elementor-element-63acaa89 elementor-widget elementor-widget-spacer\" data-id=\"63acaa89\" data-element_type=\"widget\" data-widget_type=\"spacer.default\">\n\t\t\t\t<div class=\"elementor-widget-container\">\n\t\t\t\t\t<div class=\"elementor-spacer\">\n\t\t\t<div class=\"elementor-spacer-inner\"><\/div>\n\t\t<\/div>\n\t\t\t\t<\/div>\n\t\t\t\t<\/div>\n\t\t\t\t<div class=\"elementor-element elementor-element-072c98c elementor-widget elementor-widget-text-editor\" data-id=\"072c98c\" data-element_type=\"widget\" data-widget_type=\"text-editor.default\">\n\t\t\t\t<div class=\"elementor-widget-container\">\n\t\t\t\t\t\t\t<p>Casa do Cruzeiro se compromete a garantizar un servicio de calidad a todos sus clientes y visitantes del sitio web, as\u00ed como a garantizar su privacidad.<\/p><h2>Informaci\u00f3n personal<\/h2><p>Se solicita informaci\u00f3n personal para acceder a Casa do Cruzeiro y al realizar una reserva. Tenga en cuenta que sus datos personales se utilizar\u00e1n \u00fanicamente para completar la reserva. Sus datos de contacto tambi\u00e9n se utilizan en nuestra base de datos para enviarle informaci\u00f3n sobre promociones, incluidas en nuestro bolet\u00edn informativo. Sus datos no se ceder\u00e1n a terceros, sino \u00fanicamente para uso interno de Casa do Cruzeiro. Si ya es cliente registrado en nuestro sitio web, puede modificar sus datos personales cuando lo desee, simplemente introduciendo su nombre de usuario y contrase\u00f1a.<\/p><h2>Correo electr\u00f3nico<\/h2><p>Si se suscribe al bolet\u00edn informativo en nuestro sitio web, recibir\u00e1 informaci\u00f3n sobre nuestras promociones y novedades por correo electr\u00f3nico. Si ya no desea recibir boletines informativos, puede eliminar su direcci\u00f3n de correo electr\u00f3nico haciendo clic en el enlace que aparece al final de cada bolet\u00edn. Si es cliente registrado, puede modificar sus datos personales en cualquier momento, simplemente introduciendo su nombre de usuario y contrase\u00f1a. Seguridad<\/p><p>Para garantizar la seguridad de sus datos y la m\u00e1xima confidencialidad, tratamos la informaci\u00f3n que nos proporciona con absoluta confidencialidad, de acuerdo con nuestras pol\u00edticas y procedimientos internos de seguridad y confidencialidad.<\/p>\t\t\t\t\t\t<\/div>\n\t\t\t\t<\/div>\n\t\t\t\t<div class=\"elementor-element elementor-element-5e545d9 elementor-widget elementor-widget-spacer\" data-id=\"5e545d9\" data-element_type=\"widget\" data-widget_type=\"spacer.default\">\n\t\t\t\t<div class=\"elementor-widget-container\">\n\t\t\t\t\t<div class=\"elementor-spacer\">\n\t\t\t<div class=\"elementor-spacer-inner\"><\/div>\n\t\t<\/div>\n\t\t\t\t<\/div>\n\t\t\t\t<\/div>\n\t\t\t\t\t<\/div>\n\t\t<\/div>\n\t\t\t\t\t<\/div>\n\t\t<\/section>\n\t\t\t\t<\/div>\n\t\t","protected":false},"excerpt":{"rendered":"<p>Politica de Privacidad Casa do Cruzeiro Casa do Cruzeiro se compromete a garantizar un servicio de calidad a todos sus clientes y visitantes del sitio web, as\u00ed como a garantizar su privacidad. Informaci\u00f3n personal Se solicita informaci\u00f3n personal para acceder <br \/><a class=\"btn btn-standard-primary\" href=\"https:\/\/casadocruzeiro.e-gdsbookingsuite.com\/es\/politica-privacidad\/\">Read More<\/a><\/p>\n","protected":false},"author":1,"featured_media":0,"parent":0,"menu_order":12,"comment_status":"closed","ping_status":"closed","template":"","meta":{"footnotes":""},"class_list":["post-4099","page","type-page","status-publish","hentry"],"aioseo_notices":[],"_links":{"self":[{"href":"https:\/\/casadocruzeiro.e-gdsbookingsuite.com\/es\/wp-json\/wp\/v2\/pages\/4099","targetHints":{"allow":["GET"]}}],"collection":[{"href":"https:\/\/casadocruzeiro.e-gdsbookingsuite.com\/es\/wp-json\/wp\/v2\/pages"}],"about":[{"href":"https:\/\/casadocruzeiro.e-gdsbookingsuite.com\/es\/wp-json\/wp\/v2\/types\/page"}],"author":[{"embeddable":true,"href":"https:\/\/casadocruzeiro.e-gdsbookingsuite.com\/es\/wp-json\/wp\/v2\/users\/1"}],"replies":[{"embeddable":true,"href":"https:\/\/casadocruzeiro.e-gdsbookingsuite.com\/es\/wp-json\/wp\/v2\/comments?post=4099"}],"version-history":[{"count":7,"href":"https:\/\/casadocruzeiro.e-gdsbookingsuite.com\/es\/wp-json\/wp\/v2\/pages\/4099\/revisions"}],"predecessor-version":[{"id":4419,"href":"https:\/\/casadocruzeiro.e-gdsbookingsuite.com\/es\/wp-json\/wp\/v2\/pages\/4099\/revisions\/4419"}],"wp:attachment":[{"href":"https:\/\/casadocruzeiro.e-gdsbookingsuite.com\/es\/wp-json\/wp\/v2\/media?parent=4099"}],"curies":[{"name":"wp","href":"https:\/\/api.w.org\/{rel}","templated":true}]}}