{"id":4168,"date":"2017-12-03T23:19:03","date_gmt":"2017-12-03T23:19:03","guid":{"rendered":"https:\/\/casadocruzeiro.e-gdsbookingsuite.com\/casa\/"},"modified":"2025-09-22T21:41:22","modified_gmt":"2025-09-22T21:41:22","slug":"la-casa","status":"publish","type":"page","link":"https:\/\/casadocruzeiro.e-gdsbookingsuite.com\/es\/la-casa\/","title":{"rendered":"La Casa"},"content":{"rendered":"\t\t<div data-elementor-type=\"wp-post\" data-elementor-id=\"4168\" class=\"elementor elementor-4168 elementor-55\" data-elementor-post-type=\"page\">\n\t\t\t\t\t\t<section class=\"elementor-section elementor-top-section elementor-element elementor-element-65d9979 elementor-section-full_width elementor-section-height-min-height page-banner elementor-section-height-default elementor-section-items-middle\" data-id=\"65d9979\" data-element_type=\"section\" data-settings=\"{&quot;background_background&quot;:&quot;slideshow&quot;,&quot;background_slideshow_gallery&quot;:[{&quot;id&quot;:4612,&quot;url&quot;:&quot;https:\\\/\\\/casadocruzeiro.e-gdsbookingsuite.com\\\/wp-content\\\/uploads\\\/2019\\\/03\\\/quartos-caravela-banner-02.jpg&quot;},{&quot;id&quot;:4481,&quot;url&quot;:&quot;https:\\\/\\\/casadocruzeiro.e-gdsbookingsuite.com\\\/wp-content\\\/uploads\\\/2019\\\/03\\\/quartos-the-captains-quarters-banner-02.jpg&quot;},{&quot;id&quot;:4699,&quot;url&quot;:&quot;https:\\\/\\\/casadocruzeiro.e-gdsbookingsuite.com\\\/wp-content\\\/uploads\\\/2025\\\/05\\\/quartos-the-voyage-wing-banner-02.jpg&quot;},{&quot;id&quot;:4564,&quot;url&quot;:&quot;https:\\\/\\\/casadocruzeiro.e-gdsbookingsuite.com\\\/wp-content\\\/uploads\\\/2025\\\/05\\\/quartos-veleiro-banner-02.jpg&quot;}],&quot;background_slideshow_lazyload&quot;:&quot;yes&quot;,&quot;background_slideshow_loop&quot;:&quot;yes&quot;,&quot;background_slideshow_slide_duration&quot;:5000,&quot;background_slideshow_slide_transition&quot;:&quot;fade&quot;,&quot;background_slideshow_transition_duration&quot;:500}\">\n\t\t\t\t\t\t\t<div class=\"elementor-background-overlay\"><\/div>\n\t\t\t\t\t\t\t<div class=\"elementor-container elementor-column-gap-default\">\n\t\t\t\t\t<div class=\"elementor-column elementor-col-100 elementor-top-column elementor-element elementor-element-727dd6f\" data-id=\"727dd6f\" data-element_type=\"column\">\n\t\t\t<div class=\"elementor-widget-wrap elementor-element-populated\">\n\t\t\t\t\t\t<div class=\"elementor-element elementor-element-21e14d1 elementor-widget elementor-widget-spacer\" data-id=\"21e14d1\" data-element_type=\"widget\" data-widget_type=\"spacer.default\">\n\t\t\t\t<div class=\"elementor-widget-container\">\n\t\t\t\t\t<div class=\"elementor-spacer\">\n\t\t\t<div class=\"elementor-spacer-inner\"><\/div>\n\t\t<\/div>\n\t\t\t\t<\/div>\n\t\t\t\t<\/div>\n\t\t\t\t<div class=\"elementor-element elementor-element-9cfd1ae elementor-view-default elementor-position-top elementor-widget elementor-widget-themo-header\" data-id=\"9cfd1ae\" data-element_type=\"widget\" data-widget_type=\"themo-header.default\">\n\t\t\t\t<div class=\"elementor-widget-container\">\n\t\t\t\t\t<div class=\"th-header-wrap\">\n        <div class=\"elementor-icon-box-wrapper \">\n                            <div class=\"elementor-icon-box-content\">\n                    <h1 class=\"elementor-icon-box-title\">\n                        La Casa                    <\/h1>\n                                        <p class=\"elementor-icon-box-description\">Casa do Cruzeiro ofrece 6 habitaciones espaciosas distribuidas en tres plantas. Su dise\u00f1o acogedor transmite tranquilidad y relajaci\u00f3n, garantizando que los hu\u00e9spedes se sientan a gusto y disfruten cada momento de su estancia.<\/p>\n\n                                    <\/div>\n            <\/div>\n\n        <\/div>\n\n\t\t\t\t<\/div>\n\t\t\t\t<\/div>\n\t\t\t\t<div class=\"elementor-element elementor-element-44cae35 elementor-widget elementor-widget-spacer\" data-id=\"44cae35\" data-element_type=\"widget\" data-widget_type=\"spacer.default\">\n\t\t\t\t<div class=\"elementor-widget-container\">\n\t\t\t\t\t<div class=\"elementor-spacer\">\n\t\t\t<div class=\"elementor-spacer-inner\"><\/div>\n\t\t<\/div>\n\t\t\t\t<\/div>\n\t\t\t\t<\/div>\n\t\t\t\t\t<\/div>\n\t\t<\/div>\n\t\t\t\t\t<\/div>\n\t\t<\/section>\n\t\t\t\t<section class=\"elementor-section elementor-top-section elementor-element elementor-element-7c0e0d3 elementor-section-full_width elementor-section-height-default elementor-section-height-default\" data-id=\"7c0e0d3\" data-element_type=\"section\">\n\t\t\t\t\t\t<div class=\"elementor-container elementor-column-gap-no\">\n\t\t\t\t\t<div class=\"elementor-column elementor-col-100 elementor-top-column elementor-element elementor-element-1ad12ad\" data-id=\"1ad12ad\" data-element_type=\"column\">\n\t\t\t<div class=\"elementor-widget-wrap elementor-element-populated\">\n\t\t\t\t\t\t<div class=\"elementor-element elementor-element-297dc29 elementor-widget elementor-widget-themo-mphb-search-form\" data-id=\"297dc29\" data-element_type=\"widget\" data-widget_type=\"themo-mphb-search-form.default\">\n\t\t\t\t<div class=\"elementor-widget-container\">\n\t\t\t        <div class=\"th-fo-form  th-centered th-conversion  th-btn-form btn-standard-primary-form\"><div class=\"mphb_sc_search-wrapper  frm_forms with_frm_style\"><form method=\"GET\" id=\"mphb_form-mphb-search-form-6a04cbfaa917d\" class=\"mphb_sc_search-form\" action=\"\">\n\t<div class=\"formContainer\">\n\t\t<p class = \"mphb-required-fields-tip\">\n\t<small>\n\t\tLos campos obligatorios son seguidos por\t\t<abbr title=\"required\">*<\/abbr>\n\t<\/small>\n<\/p>\n\t<p class=\"mphb_sc_search-check-in-date frm_form_field\">\n\t\t<label for=\"mphb_check_in_date-mphb-search-form-6a04cbfaa917d\">\n\t\t\tD\u00eda de llegada\t\t\t<abbr title=\"Formato dd\/mm\/yyyy\">*<\/abbr>\n\t\t<\/label>\n\t\t<br \/>\n\t\t<span class=\"input_with_icon\"><svg width=\"26\" height=\"28\" viewBox=\"0 0 26 28\" fill=\"none\" xmlns=\"http:\/\/www.w3.org\/2000\/svg\">\n<path d=\"M8 1.5V6.5M18 1.5V6.5M1.75 11.5H24.25M7.75 26.5H18.25C20.3502 26.5 21.4003 26.5 22.2025 26.0913C22.9081 25.7317 23.4817 25.1581 23.8413 24.4525C24.25 23.6503 24.25 22.6002 24.25 20.5V10C24.25 7.8998 24.25 6.8497 23.8413 6.04754C23.4817 5.34193 22.9081 4.76825 22.2025 4.40873C21.4003 4 20.3502 4 18.25 4H7.75C5.6498 4 4.5997 4 3.79754 4.40873C3.09193 4.76825 2.51825 5.34193 2.15873 6.04754C1.75 6.8497 1.75 7.8998 1.75 10V20.5C1.75 22.6002 1.75 23.6503 2.15873 24.4525C2.51825 25.1581 3.09193 25.7317 3.79754 26.0913C4.5997 26.5 5.6498 26.5 7.75 26.5Z\" stroke=\"#9B7A5B\" stroke-width=\"2\" stroke-linecap=\"round\" stroke-linejoin=\"round\"\/>\n<\/svg>\n\t\t<input\n\t\t\tid=\"mphb_check_in_date-mphb-search-form-6a04cbfaa917d\"\n\t\t\tdata-datepick-group=\"mphb-search-form-6a04cbfaa917d\"\n\t\t\tvalue=\"\"\n\t\t\tplaceholder=\"Fecha de llegada\"\n\t\t\trequired=\"required\"\n\t\t\ttype=\"text\"\n\t\t\tname=\"mphb_check_in_date\"\n\t\t\tclass=\"mphb-datepick\"\n\t\t\tautocomplete=\"off\"\n\t\t\t\/>\t\t\t\n\t\t<\/span>\n\t<\/p>\n\n\t<p class=\"mphb_sc_search-check-out-date frm_form_field\">\n\t\t<label for=\"mphb_check_out_date-mphb-search-form-6a04cbfaa917d\">\n\t\t\tD\u00eda de salida\t\t\t<abbr title=\"Formato dd\/mm\/yyyy\">*<\/abbr>\n\t\t<\/label>\n\t\t<br \/>\n\t\t<span  class=\"input_with_icon\">\n\t\t<svg width=\"26\" height=\"28\" viewBox=\"0 0 26 28\" fill=\"none\" xmlns=\"http:\/\/www.w3.org\/2000\/svg\">\n<path d=\"M8 1.5V6.5M18 1.5V6.5M1.75 11.5H24.25M7.75 26.5H18.25C20.3502 26.5 21.4003 26.5 22.2025 26.0913C22.9081 25.7317 23.4817 25.1581 23.8413 24.4525C24.25 23.6503 24.25 22.6002 24.25 20.5V10C24.25 7.8998 24.25 6.8497 23.8413 6.04754C23.4817 5.34193 22.9081 4.76825 22.2025 4.40873C21.4003 4 20.3502 4 18.25 4H7.75C5.6498 4 4.5997 4 3.79754 4.40873C3.09193 4.76825 2.51825 5.34193 2.15873 6.04754C1.75 6.8497 1.75 7.8998 1.75 10V20.5C1.75 22.6002 1.75 23.6503 2.15873 24.4525C2.51825 25.1581 3.09193 25.7317 3.79754 26.0913C4.5997 26.5 5.6498 26.5 7.75 26.5Z\" stroke=\"#9B7A5B\" stroke-width=\"2\" stroke-linecap=\"round\" stroke-linejoin=\"round\"\/>\n<\/svg>\n\t\t<input\n\t\t\tid=\"mphb_check_out_date-mphb-search-form-6a04cbfaa917d\"\n\t\t\tdata-datepick-group=\"mphb-search-form-6a04cbfaa917d\"\n\t\t\tvalue=\"\"\n\t\t\tplaceholder=\"Fecha de salida\"\n\t\t\trequired=\"required\"\n\t\t\ttype=\"text\"\n\t\t\tname=\"mphb_check_out_date\"\n\t\t\tclass=\"mphb-datepick\"\n\t\t\tautocomplete=\"off\"\n\t\t\t\/>\n\t\t<\/span>\n\t<\/p>\n\t\n\t\t\t<p class=\"mphb_sc_search-adults frm_form_field\">\n\t\t\t<label for=\"mphb_adults-mphb-search-form-6a04cbfaa917d\">\n\t\t\t\tAdultos\t\t\t<\/label>\n\t\t\t<br \/>\n\t\t\t<span class=\"input_with_icon\">\n\t\t\t\t<svg width=\"22\" height=\"26\" viewBox=\"0 0 22 26\" fill=\"none\" xmlns=\"http:\/\/www.w3.org\/2000\/svg\">\n<path d=\"M21 24.25V23.7143C21 19.868 17.882 16.75 14.0357 16.75H7.96428C4.11802 16.75 1 19.868 1 23.7143V24.25M16.625 7.375C16.625 10.4816 14.1066 13 11 13C7.8934 13 5.375 10.4816 5.375 7.375C5.375 4.2684 7.8934 1.75 11 1.75C14.1066 1.75 16.625 4.2684 16.625 7.375Z\" stroke=\"#9B7A5B\" stroke-width=\"2\" stroke-linecap=\"round\" stroke-linejoin=\"round\"\/>\n<\/svg>\n\n\n\t\t\t\t<select id=\"mphb_adults-mphb-search-form-6a04cbfaa917d\" name=\"mphb_adults\" >\n\t\t\t\t\t\t\t\t\t\t\t<option value=\"1\" >1<\/option>\n\t\t\t\t\t\t\t\t\t\t\t<option value=\"2\"  selected='selected'>2<\/option>\n\t\t\t\t\t\t\t\t\t\t\t<option value=\"3\" >3<\/option>\n\t\t\t\t\t\t\t\t\t\t\t<option value=\"4\" >4<\/option>\n\t\t\t\t\t\t\t\t\t\t\t<option value=\"5\" >5<\/option>\n\t\t\t\t\t\t\t\t\t\t\t<option value=\"6\" >6<\/option>\n\t\t\t\t\t\t\t\t\t\t\t<option value=\"7\" >7<\/option>\n\t\t\t\t\t\t\t\t\t\t\t<option value=\"8\" >8<\/option>\n\t\t\t\t\t\t\t\t\t\t\t<option value=\"9\" >9<\/option>\n\t\t\t\t\t\t\t\t\t\t\t<option value=\"10\" >10<\/option>\n\t\t\t\t\t\t\t\t\t\t\t<option value=\"11\" >11<\/option>\n\t\t\t\t\t\t\t\t\t\t\t<option value=\"12\" >12<\/option>\n\t\t\t\t\t\t\t\t\t<\/select>\n\t\t\t<\/span>\n\t\t<\/p>\n\t\n\t\t\t<p class=\"mphb_sc_search-children frm_form_field\">\n\t\t\t<label for=\"mphb_children-mphb-search-form-6a04cbfaa917d\">\n\t\t\t\tNi\u00f1os\t\t\t<\/label>\n\t\t\t<br \/>\t\t\t\n\t\t\t<span class=\"input_with_icon\">\n\t\t\t\t<svg width=\"22\" height=\"26\" viewBox=\"0 0 22 26\" fill=\"none\" xmlns=\"http:\/\/www.w3.org\/2000\/svg\">\n<path d=\"M21 24.25V23.7143C21 19.868 17.882 16.75 14.0357 16.75H7.96428C4.11802 16.75 1 19.868 1 23.7143V24.25M16.625 7.375C16.625 10.4816 14.1066 13 11 13C7.8934 13 5.375 10.4816 5.375 7.375C5.375 4.2684 7.8934 1.75 11 1.75C14.1066 1.75 16.625 4.2684 16.625 7.375Z\" stroke=\"#9B7A5B\" stroke-width=\"2\" stroke-linecap=\"round\" stroke-linejoin=\"round\"\/>\n<\/svg>\n\n\n\t\t\t\t<select id=\"mphb_children-mphb-search-form-6a04cbfaa917d\" name=\"mphb_children\">\t\t\t\t\t\n\t\t\t\t\t\t\t\t\t\t\t<option value=\"0\"  selected='selected'>0<\/option>\n\t\t\t\t\t\t\t\t\t\t\t<option value=\"1\" >1<\/option>\n\t\t\t\t\t\t\t\t\t\t\t<option value=\"2\" >2<\/option>\n\t\t\t\t\t\t\t\t\t\t\t<option value=\"3\" >3<\/option>\n\t\t\t\t\t\t\t\t\t\t\t<option value=\"4\" >4<\/option>\n\t\t\t\t\t\t\t\t\t\t\t<option value=\"5\" >5<\/option>\n\t\t\t\t\t\t\t\t\t\t\t<option value=\"6\" >6<\/option>\n\t\t\t\t\t\t\t\t\t\t\t<option value=\"7\" >7<\/option>\n\t\t\t\t\t\t\t\t\t\t\t<option value=\"8\" >8<\/option>\n\t\t\t\t\t\t\t\t\t\t\t<option value=\"9\" >9<\/option>\n\t\t\t\t\t\t\t\t\t\t\t<option value=\"10\" >10<\/option>\n\t\t\t\t\t\t\t\t\t\t\t<option value=\"11\" >11<\/option>\n\t\t\t\t\t\t\t\t\t<\/select>\n\t\t\t<\/span>\n\t\t<\/p>\n\t\n\t\t\n\t<p class=\"mphb_sc_search-promocode frm_form_field\">\n\t\t<label for=\"mphb_promocode-mphb-search-form-6a04cbfaa917d\">\n\t\t\tPromocode\t\t<\/label>\n\t\t<span class=\"input_with_icon\">\n\t\t\t<svg width=\"26\" height=\"28\" viewBox=\"0 0 26 28\" fill=\"none\" xmlns=\"http:\/\/www.w3.org\/2000\/svg\">\n<path d=\"M13 9.00003V26.5M3 17.75H23M7.75 26.5H18.25C20.3502 26.5 21.4003 26.5 22.2025 26.0913C22.9081 25.7318 23.4817 25.1581 23.8413 24.4525C24.25 23.6503 24.25 22.6002 24.25 20.5V15C24.25 12.8998 24.25 11.8497 23.8413 11.0476C23.4817 10.342 22.9081 9.76828 22.2025 9.40876C21.4003 9.00003 20.3502 9.00003 18.25 9.00003H7.75C5.6498 9.00003 4.5997 9.00003 3.79754 9.40876C3.09193 9.76828 2.51825 10.342 2.15873 11.0476C1.75 11.8497 1.75 12.8998 1.75 15V20.5C1.75 22.6002 1.75 23.6503 2.15873 24.4525C2.51825 25.1581 3.09193 25.7318 3.79754 26.0913C4.5997 26.5 5.6498 26.5 7.75 26.5ZM11.75 9.00004C13.625 7.5417 14.9492 3.74245 17.375 2.12513C21.125 -0.375094 24.875 3.37503 21.75 7.12496C19.875 9.37493 14.4583 9.00004 11.75 9.00004ZM14.1641 9.00004C12.2891 7.5417 10.9648 3.74245 8.53909 2.12513C4.78909 -0.375094 1.0391 3.37503 4.16409 7.12496C6.03909 9.37493 11.4558 9.00004 14.1641 9.00004Z\" stroke=\"#9B7A5B\" stroke-width=\"2\" stroke-linecap=\"round\"\/>\n<\/svg>\n\n\n\t\t\t<input\n\t\t\t\tid=\"mphb_promocode-mphb-search-form-6a04cbfaa917d\"\n\t\t\t\ttype=\"text\"\n\t\t\t\tname=\"mphb_promocode\"\n\t\t\t\tautocomplete=\"off\"\n\t\t\t\t\/>\n\t\t<\/span>\n\t<\/p>\n\n\t\t<\/div>\n\n\t\n\n\t<input id=\"mphb_check_in_date-mphb-search-form-6a04cbfaa917d-hidden\" value=\"\" type=\"hidden\" name=\"mphb_check_in_date\" \/><input id=\"mphb_check_out_date-mphb-search-form-6a04cbfaa917d-hidden\" value=\"\" type=\"hidden\" name=\"mphb_check_out_date\" \/>\n\t<p class=\"mphb_sc_search-submit-button-wrapper frm_submit\">\n\t\t<input type=\"submit\" class=\"button\" id=\"mphb_sc_search_form_submit_mphb-search-form-6a04cbfaa917d\" value=\"Buscar\"\/>\n\t<\/p>\n\n\t\n<\/form>\n\n<script>\t\n\tfunction initLoopToSetDefaultDates() {\n\t\ttry {\n\t\t\tconsole.log(jQuery.datepick.getDate(\"#mphb_check_in_date-mphb-search-form-6a04cbfaa917d\"));\n\t\t\tif(jQuery.datepick.getDate(\"#mphb_check_in_date-mphb-search-form-6a04cbfaa917d\").length == 0) {\n\t\t\t\tjQuery.datepick.setDate(\"#mphb_check_in_date-mphb-search-form-6a04cbfaa917d\", new Date());\n\t\t\t\tsetTimeout(function() {\n\t\t\t\t\tinitLoopToSetDefaultDates();\n\t\t\t\t},500);\n\t\t\t}\n\t\t}\n\t\tcatch(ex) {\n\t\t\tsetTimeout(function() {\n\t\t\t\tinitLoopToSetDefaultDates();\n\t\t\t},500);\n\t\t}\n\t}\n\tdocument.addEventListener(\"DOMContentLoaded\", function(event) {\n\t\tjQuery(window).load(function() {\n\t\t\tjQuery.datepick.setDate(\"#mphb_check_in_date-mphb-search-form-6a04cbfaa917d\", new Date());\n\t\t\tinitLoopToSetDefaultDates();\n\t\t});\n\t});\n\tfunction OpenWindow()\n    {\n\t\t\tinitLoopToSetDefaultDates();\n            var dateFrom = jQuery.datepick.getDate('#mphb_check_in_date-mphb-search-form-6a04cbfaa917d')[0];\n            var dateTo = jQuery.datepick.getDate('#mphb_check_out_date-mphb-search-form-6a04cbfaa917d')[0];\n            var strFrom=(dateFrom.getDate())+\"\/\"+(dateFrom.getMonth()+1)+\"\/\"+(dateFrom.getFullYear());\n            var strTo=(dateTo.getDate())+\"\/\"+(dateTo.getMonth()+1)+\"\/\"+(dateTo.getFullYear());\n            var strHotelID =\"29\";\n            var strUrl=\"\";\n            var stradults=jQuery(\"#mphb_adults-mphb-search-form-6a04cbfaa917d\").val();\n            var strchildren=null;\n\t\t\tif(jQuery(\"#mphb_children-mphb-search-form-6a04cbfaa917d\").length > 0) {\n\t\t\t\tstrchildren = jQuery(\"#mphb_children-mphb-search-form-6a04cbfaa917d\").val();\n\t\t\t}\n            var strparadults=\"&adults=\"+stradults;\n\t\t\tif(strchildren != null) {strparadults = strparadults +\"&children=\"+strchildren; }\n\t\t\tvar lang = \"es\";\n\t\t    var strPromocode = \"&promocode=\" + jQuery(\"#mphb_promocode-mphb-search-form-6a04cbfaa917d\").val();\n           \n\t\t\tstrUrl = \"https:\/\/securept4.e-gdscloud.com\/CasadoCruzeiro\/RedirectFromOutSide.aspx?HotelID=\" + strHotelID + \"&ArrivalDate=\" + strFrom + \"&DepartureDate=\" + strTo+strparadults + strPromocode + \"&lang=\" + lang;\n            \n\t\t\twindow.open(strUrl, '_blank'); \n        \/\/}\n    }\n\t\n\tjQuery(\"#mphb_form-mphb-search-form-6a04cbfaa917d\").on(\"submit\", function(e) {\n\t\te.preventDefault();\n\t\t\n\t\tOpenWindow();\n\t\tsetTimeout(function() {jQuery(\"#mphb_form-mphb-search-form-6a04cbfaa917d\").find(\"input[type='submit']\").removeAttr(\"disabled\").find(\".lds-ring\").remove();},500);\n\t\t\n\t\t\n\t\treturn false;\n\t});\n<\/script><\/div><\/div>\n        \t\t<\/div>\n\t\t\t\t<\/div>\n\t\t\t\t\t<\/div>\n\t\t<\/div>\n\t\t\t\t\t<\/div>\n\t\t<\/section>\n\t\t\t\t<section class=\"elementor-section elementor-top-section elementor-element elementor-element-d55270a elementor-section-boxed elementor-section-height-default elementor-section-height-default\" data-id=\"d55270a\" data-element_type=\"section\" data-settings=\"{&quot;background_background&quot;:&quot;classic&quot;}\">\n\t\t\t\t\t\t<div class=\"elementor-container elementor-column-gap-default\">\n\t\t\t\t\t<div class=\"elementor-column elementor-col-100 elementor-top-column elementor-element elementor-element-0921f3c\" data-id=\"0921f3c\" data-element_type=\"column\">\n\t\t\t<div class=\"elementor-widget-wrap elementor-element-populated\">\n\t\t\t\t\t\t<div class=\"elementor-element elementor-element-a206404 elementor-widget elementor-widget-spacer\" data-id=\"a206404\" data-element_type=\"widget\" data-widget_type=\"spacer.default\">\n\t\t\t\t<div class=\"elementor-widget-container\">\n\t\t\t\t\t<div class=\"elementor-spacer\">\n\t\t\t<div class=\"elementor-spacer-inner\"><\/div>\n\t\t<\/div>\n\t\t\t\t<\/div>\n\t\t\t\t<\/div>\n\t\t\t\t<div class=\"elementor-element elementor-element-38e993b elementor-widget elementor-widget-themo-accommodation-grid\" data-id=\"38e993b\" data-element_type=\"widget\" data-widget_type=\"themo-accommodation-grid.default\">\n\t\t\t\t<div class=\"elementor-widget-container\">\n\t\t\t\n                <div id=\"th-portfolio-content-6a04cbfac9906\" class=\"th-portfolio\">\n\n            \n            <div id=\"th-portfolio-row\" class=\"th-portfolio-row row portfolio_content  two-columns th-port-gutter th-port-style-2 display-flex\">\n\n                                        <div id=\"post-4280\" class=\"th-portfolio-item item col-sm-6 post-4280 mphb_room_type type-mphb_room_type status-publish format-standard has-post-thumbnail hentry mphb-room-type-adults-1 mphb-room-type-children-0 \">\n\n                                                        <div class=\"th-port-card th-port-card-default\">\n                                <a href=\"https:\/\/casadocruzeiro.e-gdsbookingsuite.com\/es\/accommodation\/caravela\/\" class=\"th-port-card-link\" >                                <span class=\"th-port-card-img\">\n                                                            <img fetchpriority=\"high\" decoding=\"async\" width=\"605\" height=\"605\" src=\"https:\/\/casadocruzeiro.e-gdsbookingsuite.com\/wp-content\/uploads\/2019\/03\/quartos-caravela-banner-02-605x605.jpg\" class=\"img-responsive th-port-img wp-post-image\" alt=\"\" \/>                                                                                                        <\/span>\n                                    <span class=\"th-port-card-body\">\n                                      <h3 class=\"th-port-title\">Caravela<\/h3>\n                                      <p class=\"th-port-sub th-else\">2 hu\u00e9spedes \/ 1 dormitorio \/ ba\u00f1o<\/p>                                    <\/span>\n                                    <\/a>\n                                <\/div>\n\n                                                        <\/div>\n                                                <div id=\"post-4281\" class=\"th-portfolio-item item col-sm-6 post-4281 mphb_room_type type-mphb_room_type status-publish format-standard has-post-thumbnail hentry mphb-room-type-adults-1 mphb-room-type-children-0 \">\n\n                                                        <div class=\"th-port-card th-port-card-default\">\n                                <a href=\"https:\/\/casadocruzeiro.e-gdsbookingsuite.com\/es\/accommodation\/the-captains-quarters\/\" class=\"th-port-card-link\" >                                <span class=\"th-port-card-img\">\n                                                            <img decoding=\"async\" width=\"605\" height=\"605\" src=\"https:\/\/casadocruzeiro.e-gdsbookingsuite.com\/wp-content\/uploads\/2019\/03\/quartos-the-captains-quarters-banner-02-605x605.jpg\" class=\"img-responsive th-port-img wp-post-image\" alt=\"\" \/>                                                                                                        <\/span>\n                                    <span class=\"th-port-card-body\">\n                                      <h3 class=\"th-port-title\">The Captain&#8217;s Quarters<\/h3>\n                                      <p class=\"th-port-sub th-else\">5 hu\u00e9spedes \/ 3 dormitorios \/ ba\u00f1o<\/p>                                    <\/span>\n                                    <\/a>\n                                <\/div>\n\n                                                        <\/div>\n                                                <div id=\"post-4079\" class=\"th-portfolio-item item col-sm-6 post-4079 mphb_room_type type-mphb_room_type status-publish format-standard has-post-thumbnail hentry mphb-room-type-adults-1 mphb-room-type-children-0 \">\n\n                                                        <div class=\"th-port-card th-port-card-default\">\n                                <a href=\"https:\/\/casadocruzeiro.e-gdsbookingsuite.com\/es\/accommodation\/the-voyage-wing\/\" class=\"th-port-card-link\" >                                <span class=\"th-port-card-img\">\n                                                            <img decoding=\"async\" width=\"605\" height=\"605\" src=\"https:\/\/casadocruzeiro.e-gdsbookingsuite.com\/wp-content\/uploads\/2025\/05\/quartos-the-voyage-wing-banner-02-605x605.jpg\" class=\"img-responsive th-port-img wp-post-image\" alt=\"\" \/>                                                                                                        <\/span>\n                                    <span class=\"th-port-card-body\">\n                                      <h3 class=\"th-port-title\">The Voyage Wing<\/h3>\n                                      <p class=\"th-port-sub th-else\">5 hu\u00e9spedes \/ 3 dormitorios \/ sin ba\u00f1o<\/p>                                    <\/span>\n                                    <\/a>\n                                <\/div>\n\n                                                        <\/div>\n                                                <div id=\"post-4076\" class=\"th-portfolio-item item col-sm-6 post-4076 mphb_room_type type-mphb_room_type status-publish format-standard has-post-thumbnail hentry mphb-room-type-adults-1 mphb-room-type-children-0 \">\n\n                                                        <div class=\"th-port-card th-port-card-default\">\n                                <a href=\"https:\/\/casadocruzeiro.e-gdsbookingsuite.com\/es\/accommodation\/veleiro\/\" class=\"th-port-card-link\" >                                <span class=\"th-port-card-img\">\n                                                            <img loading=\"lazy\" decoding=\"async\" width=\"605\" height=\"605\" src=\"https:\/\/casadocruzeiro.e-gdsbookingsuite.com\/wp-content\/uploads\/2025\/05\/quartos-veleiro-banner-02-605x605.jpg\" class=\"img-responsive th-port-img wp-post-image\" alt=\"\" \/>                                                                                                        <\/span>\n                                    <span class=\"th-port-card-body\">\n                                      <h3 class=\"th-port-title\">Veleiro<\/h3>\n                                      <p class=\"th-port-sub th-else\">2 hu\u00e9spedes \/ 1 dormitorio \/ ba\u00f1o<\/p>                                    <\/span>\n                                    <\/a>\n                                <\/div>\n\n                                                        <\/div>\n                        \n            <\/div>\n\n        <\/div>\n\n        \t\t<\/div>\n\t\t\t\t<\/div>\n\t\t\t\t<div class=\"elementor-element elementor-element-d01c026 elementor-widget elementor-widget-spacer\" data-id=\"d01c026\" data-element_type=\"widget\" data-widget_type=\"spacer.default\">\n\t\t\t\t<div class=\"elementor-widget-container\">\n\t\t\t\t\t<div class=\"elementor-spacer\">\n\t\t\t<div class=\"elementor-spacer-inner\"><\/div>\n\t\t<\/div>\n\t\t\t\t<\/div>\n\t\t\t\t<\/div>\n\t\t\t\t\t<\/div>\n\t\t<\/div>\n\t\t\t\t\t<\/div>\n\t\t<\/section>\n\t\t\t\t<section class=\"elementor-section elementor-top-section elementor-element elementor-element-543c5ed elementor-section-boxed elementor-section-height-default elementor-section-height-default\" data-id=\"543c5ed\" data-element_type=\"section\" data-settings=\"{&quot;background_background&quot;:&quot;classic&quot;}\">\n\t\t\t\t\t\t<div class=\"elementor-container elementor-column-gap-wider\">\n\t\t\t\t\t<div class=\"elementor-column elementor-col-100 elementor-top-column elementor-element elementor-element-d56a80d\" data-id=\"d56a80d\" data-element_type=\"column\">\n\t\t\t<div class=\"elementor-widget-wrap elementor-element-populated\">\n\t\t\t\t\t\t<div class=\"elementor-element elementor-element-60ea0dc elementor-widget elementor-widget-themo-call-to-action\" data-id=\"60ea0dc\" data-element_type=\"widget\" data-widget_type=\"themo-call-to-action.default\">\n\t\t\t\t<div class=\"elementor-widget-container\">\n\t\t\t\t\t<div class=\"th-cta\">\n\t\t\t\t\t        <div class=\"th-cta-text\">\n\t\t            <span>No pierdas la oportunidad de una estancia inolvidable.<\/span>\n\t\t        <\/div>\n\t\t    \n                        <div class=\"th-cta-btn\">\n\n                                    <a class=\"btn-1 btn th-btn btn-standard-primary\" href=\"https:\/\/securept4.e-gdscloud.com\/casadocruzeiro\/?lang=es\" target=\"_blank\">\n                                                    Reservar                                            <\/a>\n                \n                            <\/div>\n            \t\t<\/div>\n\t\t\t\t<\/div>\n\t\t\t\t<\/div>\n\t\t\t\t\t<\/div>\n\t\t<\/div>\n\t\t\t\t\t<\/div>\n\t\t<\/section>\n\t\t\t\t<\/div>\n\t\t","protected":false},"excerpt":{"rendered":"<p>La Casa Casa&hellip;<\/p>\n","protected":false},"author":1,"featured_media":0,"parent":0,"menu_order":5,"comment_status":"closed","ping_status":"closed","template":"","meta":{"footnotes":""},"class_list":["post-4168","page","type-page","status-publish","hentry"],"aioseo_notices":[],"_links":{"self":[{"href":"https:\/\/casadocruzeiro.e-gdsbookingsuite.com\/es\/wp-json\/wp\/v2\/pages\/4168","targetHints":{"allow":["GET"]}}],"collection":[{"href":"https:\/\/casadocruzeiro.e-gdsbookingsuite.com\/es\/wp-json\/wp\/v2\/pages"}],"about":[{"href":"https:\/\/casadocruzeiro.e-gdsbookingsuite.com\/es\/wp-json\/wp\/v2\/types\/page"}],"author":[{"embeddable":true,"href":"https:\/\/casadocruzeiro.e-gdsbookingsuite.com\/es\/wp-json\/wp\/v2\/users\/1"}],"replies":[{"embeddable":true,"href":"https:\/\/casadocruzeiro.e-gdsbookingsuite.com\/es\/wp-json\/wp\/v2\/comments?post=4168"}],"version-history":[{"count":9,"href":"https:\/\/casadocruzeiro.e-gdsbookingsuite.com\/es\/wp-json\/wp\/v2\/pages\/4168\/revisions"}],"predecessor-version":[{"id":4884,"href":"https:\/\/casadocruzeiro.e-gdsbookingsuite.com\/es\/wp-json\/wp\/v2\/pages\/4168\/revisions\/4884"}],"wp:attachment":[{"href":"https:\/\/casadocruzeiro.e-gdsbookingsuite.com\/es\/wp-json\/wp\/v2\/media?parent=4168"}],"curies":[{"name":"wp","href":"https:\/\/api.w.org\/{rel}","templated":true}]}}